{"id":18,"date":"2024-05-29T11:29:18","date_gmt":"2024-05-29T09:29:18","guid":{"rendered":"https:\/\/jano220720035.wordpress.com\/galeria\/"},"modified":"2025-03-30T19:22:44","modified_gmt":"2025-03-30T17:22:44","slug":"galeria","status":"publish","type":"page","link":"https:\/\/smilemusicaction.pl\/?page_id=18","title":{"rendered":"GALERIA ZDJ\u0118\u0106"},"content":{"rendered":"\t\t<div data-elementor-type=\"wp-page\" data-elementor-id=\"18\" class=\"elementor elementor-18\">\n\t\t\t\t<div class=\"elementor-element elementor-element-0587006 e-flex e-con-boxed e-con e-parent\" data-id=\"0587006\" data-element_type=\"container\">\n\t\t\t\t\t<div class=\"e-con-inner\">\n\t\t\t\t<div class=\"elementor-element elementor-element-524fcb6 elementor-widget elementor-widget-spacer\" data-id=\"524fcb6\" data-element_type=\"widget\" data-widget_type=\"spacer.default\">\n\t\t\t\t<div class=\"elementor-widget-container\">\n\t\t\t\t\t\t\t<div class=\"elementor-spacer\">\n\t\t\t<div class=\"elementor-spacer-inner\"><\/div>\n\t\t<\/div>\n\t\t\t\t\t\t<\/div>\n\t\t\t\t<\/div>\n\t\t\t\t\t<\/div>\n\t\t\t\t<\/div>\n\t\t<div class=\"elementor-element elementor-element-242b531 e-flex e-con-boxed e-con e-parent\" data-id=\"242b531\" data-element_type=\"container\">\n\t\t\t\t\t<div class=\"e-con-inner\">\n\t\t<div class=\"elementor-element elementor-element-9740f2d e-con-full e-flex e-con e-child\" data-id=\"9740f2d\" data-element_type=\"container\">\n\t\t\t\t<div class=\"elementor-element elementor-element-7c69deb elementor-widget elementor-widget-heading\" data-id=\"7c69deb\" data-element_type=\"widget\" data-widget_type=\"heading.default\">\n\t\t\t\t<div class=\"elementor-widget-container\">\n\t\t\t\t\t<h2 class=\"elementor-heading-title elementor-size-default\">GALERIA ZDJ\u0118\u0106<\/h2>\t\t\t\t<\/div>\n\t\t\t\t<\/div>\n\t\t\t\t<\/div>\n\t\t<div class=\"elementor-element elementor-element-87694a6 e-con-full e-flex e-con e-child\" data-id=\"87694a6\" data-element_type=\"container\">\n\t\t\t\t<div class=\"elementor-element elementor-element-80e0714 elementor-widget elementor-widget-heading\" data-id=\"80e0714\" data-element_type=\"widget\" data-widget_type=\"heading.default\">\n\t\t\t\t<div class=\"elementor-widget-container\">\n\t\t\t\t\t<h2 class=\"elementor-heading-title elementor-size-default\">Witamy w naszej galerii, gdzie muzyka spotyka si\u0119 z obrazem! Zobacz, jak tworzymy niezapomniane chwile na parkiecie. Nasze zdj\u0119cia oddaj\u0105 atmosfer\u0119, jak\u0105 kreujemy podczas set\u00f3w, pokazuj\u0105c reakcje publiczno\u015bci i magi\u0119 ka\u017cdej imprezy. Zapraszamy do przegl\u0105dania naszej galerii i do\u0142\u0105czenia do muzycznej podr\u00f3\u017cy, kt\u00f3r\u0105 tworzymy razem z Wami \u2013 nasz\u0105 niesamowit\u0105 publiczno\u015bci\u0105!<\/h2>\t\t\t\t<\/div>\n\t\t\t\t<\/div>\n\t\t\t\t<\/div>\n\t\t\t\t\t<\/div>\n\t\t\t\t<\/div>\n\t\t<div class=\"elementor-element elementor-element-fb5c81f e-flex e-con-boxed e-con e-parent\" data-id=\"fb5c81f\" data-element_type=\"container\">\n\t\t\t\t\t<div class=\"e-con-inner\">\n\t\t\t\t<div class=\"elementor-element elementor-element-cadc72a elementor-widget elementor-widget-spacer\" data-id=\"cadc72a\" data-element_type=\"widget\" data-widget_type=\"spacer.default\">\n\t\t\t\t<div class=\"elementor-widget-container\">\n\t\t\t\t\t\t\t<div class=\"elementor-spacer\">\n\t\t\t<div class=\"elementor-spacer-inner\"><\/div>\n\t\t<\/div>\n\t\t\t\t\t\t<\/div>\n\t\t\t\t<\/div>\n\t\t\t\t\t<\/div>\n\t\t\t\t<\/div>\n\t\t<div class=\"elementor-element elementor-element-eb631c4 e-flex e-con-boxed e-con e-parent\" data-id=\"eb631c4\" data-element_type=\"container\">\n\t\t\t\t\t<div class=\"e-con-inner\">\n\t\t\t\t<div class=\"elementor-element elementor-element-91de61f elementor-widget elementor-widget-heading\" data-id=\"91de61f\" data-element_type=\"widget\" data-widget_type=\"heading.default\">\n\t\t\t\t<div class=\"elementor-widget-container\">\n\t\t\t\t\t<h2 class=\"elementor-heading-title elementor-size-default\">STUDNI\u00d3WKI 2024<\/h2>\t\t\t\t<\/div>\n\t\t\t\t<\/div>\n\t\t\t\t\t<\/div>\n\t\t\t\t<\/div>\n\t\t<div class=\"elementor-element elementor-element-71d9764 e-grid e-con-boxed e-con e-parent\" data-id=\"71d9764\" data-element_type=\"container\">\n\t\t\t\t\t<div class=\"e-con-inner\">\n\t\t<div class=\"elementor-element elementor-element-3f5a51c e-con-full e-transform e-flex e-con e-child\" data-id=\"3f5a51c\" data-element_type=\"container\" data-settings=\"{&quot;background_background&quot;:&quot;classic&quot;,&quot;_transform_scale_effect_hover&quot;:{&quot;unit&quot;:&quot;px&quot;,&quot;size&quot;:1.05,&quot;sizes&quot;:[]},&quot;_transform_scale_effect_hover_tablet&quot;:{&quot;unit&quot;:&quot;px&quot;,&quot;size&quot;:&quot;&quot;,&quot;sizes&quot;:[]},&quot;_transform_scale_effect_hover_mobile&quot;:{&quot;unit&quot;:&quot;px&quot;,&quot;size&quot;:&quot;&quot;,&quot;sizes&quot;:[]}}\">\n\t\t\t\t<div class=\"elementor-element elementor-element-b24320a elementor-widget elementor-widget-image\" data-id=\"b24320a\" data-element_type=\"widget\" data-widget_type=\"image.default\">\n\t\t\t\t<div class=\"elementor-widget-container\">\n\t\t\t\t\t\t\t\t\t\t\t\t\t\t\t\t<a href=\"https:\/\/smilemusicaction.pl\/?page_id=74\">\n\t\t\t\t\t\t\t<img fetchpriority=\"high\" decoding=\"async\" width=\"1024\" height=\"681\" src=\"https:\/\/smilemusicaction.pl\/wp-content\/uploads\/2024\/06\/LOGO-3-1024x681.jpg\" class=\"attachment-large size-large wp-image-505\" alt=\"\" srcset=\"https:\/\/smilemusicaction.pl\/wp-content\/uploads\/2024\/06\/LOGO-3-1024x681.jpg 1024w, https:\/\/smilemusicaction.pl\/wp-content\/uploads\/2024\/06\/LOGO-3-300x200.jpg 300w, https:\/\/smilemusicaction.pl\/wp-content\/uploads\/2024\/06\/LOGO-3-768x511.jpg 768w, https:\/\/smilemusicaction.pl\/wp-content\/uploads\/2024\/06\/LOGO-3-1536x1022.jpg 1536w, https:\/\/smilemusicaction.pl\/wp-content\/uploads\/2024\/06\/LOGO-3-2048x1363.jpg 2048w\" sizes=\"(max-width: 1024px) 100vw, 1024px\" \/>\t\t\t\t\t\t\t\t<\/a>\n\t\t\t\t\t\t\t\t\t\t\t\t\t\t\t<\/div>\n\t\t\t\t<\/div>\n\t\t\t\t<\/div>\n\t\t<div class=\"elementor-element elementor-element-4014b81 e-con-full e-transform e-flex e-con e-child\" data-id=\"4014b81\" data-element_type=\"container\" data-settings=\"{&quot;background_background&quot;:&quot;classic&quot;,&quot;_transform_scale_effect_hover&quot;:{&quot;unit&quot;:&quot;px&quot;,&quot;size&quot;:1.05,&quot;sizes&quot;:[]},&quot;_transform_scale_effect_hover_tablet&quot;:{&quot;unit&quot;:&quot;px&quot;,&quot;size&quot;:&quot;&quot;,&quot;sizes&quot;:[]},&quot;_transform_scale_effect_hover_mobile&quot;:{&quot;unit&quot;:&quot;px&quot;,&quot;size&quot;:&quot;&quot;,&quot;sizes&quot;:[]}}\">\n\t\t\t\t<div class=\"elementor-element elementor-element-3d6ec76 elementor-widget elementor-widget-image\" data-id=\"3d6ec76\" data-element_type=\"widget\" data-widget_type=\"image.default\">\n\t\t\t\t<div class=\"elementor-widget-container\">\n\t\t\t\t\t\t\t\t\t\t\t\t\t\t\t\t<a href=\"https:\/\/smilemusicaction.pl\/?page_id=235\">\n\t\t\t\t\t\t\t<img decoding=\"async\" width=\"1024\" height=\"683\" src=\"https:\/\/smilemusicaction.pl\/wp-content\/uploads\/2024\/06\/LOGO-7-1024x683.jpg\" class=\"attachment-large size-large wp-image-536\" alt=\"\" srcset=\"https:\/\/smilemusicaction.pl\/wp-content\/uploads\/2024\/06\/LOGO-7-1024x683.jpg 1024w, https:\/\/smilemusicaction.pl\/wp-content\/uploads\/2024\/06\/LOGO-7-300x200.jpg 300w, https:\/\/smilemusicaction.pl\/wp-content\/uploads\/2024\/06\/LOGO-7-768x512.jpg 768w, https:\/\/smilemusicaction.pl\/wp-content\/uploads\/2024\/06\/LOGO-7-1536x1024.jpg 1536w, https:\/\/smilemusicaction.pl\/wp-content\/uploads\/2024\/06\/LOGO-7-2048x1365.jpg 2048w\" sizes=\"(max-width: 1024px) 100vw, 1024px\" \/>\t\t\t\t\t\t\t\t<\/a>\n\t\t\t\t\t\t\t\t\t\t\t\t\t\t\t<\/div>\n\t\t\t\t<\/div>\n\t\t\t\t<\/div>\n\t\t<div class=\"elementor-element elementor-element-0a2d0ee e-con-full e-transform e-transform e-flex e-con e-child\" data-id=\"0a2d0ee\" data-element_type=\"container\" data-settings=\"{&quot;background_background&quot;:&quot;classic&quot;,&quot;_transform_scale_effect_hover&quot;:{&quot;unit&quot;:&quot;px&quot;,&quot;size&quot;:1.05,&quot;sizes&quot;:[]},&quot;_transform_scale_effect&quot;:{&quot;unit&quot;:&quot;px&quot;,&quot;size&quot;:&quot;&quot;,&quot;sizes&quot;:[]},&quot;_transform_scale_effect_tablet&quot;:{&quot;unit&quot;:&quot;px&quot;,&quot;size&quot;:&quot;&quot;,&quot;sizes&quot;:[]},&quot;_transform_scale_effect_mobile&quot;:{&quot;unit&quot;:&quot;px&quot;,&quot;size&quot;:&quot;&quot;,&quot;sizes&quot;:[]},&quot;_transform_scale_effect_hover_tablet&quot;:{&quot;unit&quot;:&quot;px&quot;,&quot;size&quot;:&quot;&quot;,&quot;sizes&quot;:[]},&quot;_transform_scale_effect_hover_mobile&quot;:{&quot;unit&quot;:&quot;px&quot;,&quot;size&quot;:&quot;&quot;,&quot;sizes&quot;:[]}}\">\n\t\t\t\t<div class=\"elementor-element elementor-element-8d70c35 elementor-widget elementor-widget-image\" data-id=\"8d70c35\" data-element_type=\"widget\" data-widget_type=\"image.default\">\n\t\t\t\t<div class=\"elementor-widget-container\">\n\t\t\t\t\t\t\t\t\t\t\t\t\t\t\t\t<a href=\"https:\/\/smilemusicaction.pl\/?page_id=339\">\n\t\t\t\t\t\t\t<img decoding=\"async\" width=\"1024\" height=\"681\" src=\"https:\/\/smilemusicaction.pl\/wp-content\/uploads\/2024\/06\/LOGO-8-1024x681.jpg\" class=\"attachment-large size-large wp-image-537\" alt=\"\" srcset=\"https:\/\/smilemusicaction.pl\/wp-content\/uploads\/2024\/06\/LOGO-8-1024x681.jpg 1024w, https:\/\/smilemusicaction.pl\/wp-content\/uploads\/2024\/06\/LOGO-8-300x200.jpg 300w, https:\/\/smilemusicaction.pl\/wp-content\/uploads\/2024\/06\/LOGO-8-768x511.jpg 768w, https:\/\/smilemusicaction.pl\/wp-content\/uploads\/2024\/06\/LOGO-8-1536x1022.jpg 1536w, https:\/\/smilemusicaction.pl\/wp-content\/uploads\/2024\/06\/LOGO-8-2048x1363.jpg 2048w\" sizes=\"(max-width: 1024px) 100vw, 1024px\" \/>\t\t\t\t\t\t\t\t<\/a>\n\t\t\t\t\t\t\t\t\t\t\t\t\t\t\t<\/div>\n\t\t\t\t<\/div>\n\t\t\t\t<\/div>\n\t\t<div class=\"elementor-element elementor-element-4209db0 e-con-full e-transform e-flex e-con e-child\" data-id=\"4209db0\" data-element_type=\"container\" data-settings=\"{&quot;background_background&quot;:&quot;classic&quot;,&quot;_transform_scale_effect_hover&quot;:{&quot;unit&quot;:&quot;px&quot;,&quot;size&quot;:1.05,&quot;sizes&quot;:[]},&quot;_transform_scale_effect_hover_tablet&quot;:{&quot;unit&quot;:&quot;px&quot;,&quot;size&quot;:&quot;&quot;,&quot;sizes&quot;:[]},&quot;_transform_scale_effect_hover_mobile&quot;:{&quot;unit&quot;:&quot;px&quot;,&quot;size&quot;:&quot;&quot;,&quot;sizes&quot;:[]}}\">\n\t\t\t\t<div class=\"elementor-element elementor-element-ed831ca elementor-widget elementor-widget-image\" data-id=\"ed831ca\" data-element_type=\"widget\" data-widget_type=\"image.default\">\n\t\t\t\t<div class=\"elementor-widget-container\">\n\t\t\t\t\t\t\t\t\t\t\t\t\t\t\t\t<a href=\"https:\/\/smilemusicaction.pl\/?page_id=1365\">\n\t\t\t\t\t\t\t<img loading=\"lazy\" decoding=\"async\" width=\"1024\" height=\"683\" src=\"https:\/\/smilemusicaction.pl\/wp-content\/uploads\/2024\/07\/aaaa-1-1024x683.jpg\" class=\"attachment-large size-large wp-image-1360\" alt=\"\" srcset=\"https:\/\/smilemusicaction.pl\/wp-content\/uploads\/2024\/07\/aaaa-1-1024x683.jpg 1024w, https:\/\/smilemusicaction.pl\/wp-content\/uploads\/2024\/07\/aaaa-1-300x200.jpg 300w, https:\/\/smilemusicaction.pl\/wp-content\/uploads\/2024\/07\/aaaa-1-768x512.jpg 768w, https:\/\/smilemusicaction.pl\/wp-content\/uploads\/2024\/07\/aaaa-1-1536x1024.jpg 1536w, https:\/\/smilemusicaction.pl\/wp-content\/uploads\/2024\/07\/aaaa-1-2048x1365.jpg 2048w\" sizes=\"(max-width: 1024px) 100vw, 1024px\" \/>\t\t\t\t\t\t\t\t<\/a>\n\t\t\t\t\t\t\t\t\t\t\t\t\t\t\t<\/div>\n\t\t\t\t<\/div>\n\t\t\t\t<\/div>\n\t\t\t\t\t<\/div>\n\t\t\t\t<\/div>\n\t\t<div class=\"elementor-element elementor-element-d6d17a9 e-flex e-con-boxed e-con e-parent\" data-id=\"d6d17a9\" data-element_type=\"container\">\n\t\t\t\t\t<div class=\"e-con-inner\">\n\t\t\t\t<div class=\"elementor-element elementor-element-d783167 elementor-widget elementor-widget-spacer\" data-id=\"d783167\" data-element_type=\"widget\" data-widget_type=\"spacer.default\">\n\t\t\t\t<div class=\"elementor-widget-container\">\n\t\t\t\t\t\t\t<div class=\"elementor-spacer\">\n\t\t\t<div class=\"elementor-spacer-inner\"><\/div>\n\t\t<\/div>\n\t\t\t\t\t\t<\/div>\n\t\t\t\t<\/div>\n\t\t\t\t\t<\/div>\n\t\t\t\t<\/div>\n\t\t<div class=\"elementor-element elementor-element-0a9deb6 e-flex e-con-boxed e-con e-parent\" data-id=\"0a9deb6\" data-element_type=\"container\">\n\t\t\t\t\t<div class=\"e-con-inner\">\n\t\t\t\t<div class=\"elementor-element elementor-element-ebf2d4e elementor-widget elementor-widget-heading\" data-id=\"ebf2d4e\" data-element_type=\"widget\" data-widget_type=\"heading.default\">\n\t\t\t\t<div class=\"elementor-widget-container\">\n\t\t\t\t\t<h2 class=\"elementor-heading-title elementor-size-default\">PROFILE NASZYCH CZ\u0141ONK\u00d3W<\/h2>\t\t\t\t<\/div>\n\t\t\t\t<\/div>\n\t\t\t\t\t<\/div>\n\t\t\t\t<\/div>\n\t\t<div class=\"elementor-element elementor-element-eac9887 e-grid e-con-boxed e-con e-parent\" data-id=\"eac9887\" data-element_type=\"container\">\n\t\t\t\t\t<div class=\"e-con-inner\">\n\t\t<div class=\"elementor-element elementor-element-61a7d92 e-con-full e-flex e-con e-child\" data-id=\"61a7d92\" data-element_type=\"container\" data-settings=\"{&quot;background_background&quot;:&quot;classic&quot;}\">\n\t\t\t\t<div class=\"elementor-element elementor-element-ec2c059 elementor-widget elementor-widget-e_image_hover_effects\" data-id=\"ec2c059\" data-element_type=\"widget\" data-widget_type=\"e_image_hover_effects.default\">\n\t\t\t\t<div class=\"elementor-widget-container\">\n\t\t\t\t\t\t\t\t<a href=\"https:\/\/smilemusicaction.pl\/?page_id=392\">\n\t\t\t\t\t<div class=\"eihe-box eihe-fade eihe_\">\n\t\t\t\t<img loading=\"lazy\" decoding=\"async\" width=\"960\" height=\"960\" src=\"https:\/\/smilemusicaction.pl\/wp-content\/uploads\/2024\/06\/438805387_18025954145099340_5844604832324595014_nEDIT-1-edited-1.jpg\" class=\"attachment-full size-full wp-image-805\" alt=\"\" srcset=\"https:\/\/smilemusicaction.pl\/wp-content\/uploads\/2024\/06\/438805387_18025954145099340_5844604832324595014_nEDIT-1-edited-1.jpg 960w, https:\/\/smilemusicaction.pl\/wp-content\/uploads\/2024\/06\/438805387_18025954145099340_5844604832324595014_nEDIT-1-edited-1-300x300.jpg 300w, https:\/\/smilemusicaction.pl\/wp-content\/uploads\/2024\/06\/438805387_18025954145099340_5844604832324595014_nEDIT-1-edited-1-150x150.jpg 150w, https:\/\/smilemusicaction.pl\/wp-content\/uploads\/2024\/06\/438805387_18025954145099340_5844604832324595014_nEDIT-1-edited-1-768x768.jpg 768w\" sizes=\"(max-width: 960px) 100vw, 960px\" \/>\t\t\t\t<div class=\"eihe-caption\">\n\t\t\t\t\t<div class=\"eihe-title-cover\">\n\t\t\t\t\t\t\t\t\t\t\t\t<h3 class=\"eihe-title\">SPRAWD\u0179<\/h3>\n\t\t\t\t\t\t\t\t\t\t\t<\/div>\n\t\t\t\t\t<p><\/p>\n\t\t\t\t<\/div>\n\t\t\t<\/div>\n\t\t\t\t\t<\/a>\n\t\t\t\t\t\t<\/div>\n\t\t\t\t<\/div>\n\t\t\t\t<div class=\"elementor-element elementor-element-ad76206 elementor-widget elementor-widget-heading\" data-id=\"ad76206\" data-element_type=\"widget\" data-widget_type=\"heading.default\">\n\t\t\t\t<div class=\"elementor-widget-container\">\n\t\t\t\t\t<h2 class=\"elementor-heading-title elementor-size-default\">PAWE\u0141 DOMAGA\u0141A<\/h2>\t\t\t\t<\/div>\n\t\t\t\t<\/div>\n\t\t\t\t<\/div>\n\t\t<div class=\"elementor-element elementor-element-e1d922d e-con-full e-flex e-con e-child\" data-id=\"e1d922d\" data-element_type=\"container\" data-settings=\"{&quot;background_background&quot;:&quot;classic&quot;}\">\n\t\t\t\t<div class=\"elementor-element elementor-element-471d07a elementor-widget elementor-widget-e_image_hover_effects\" data-id=\"471d07a\" data-element_type=\"widget\" data-widget_type=\"e_image_hover_effects.default\">\n\t\t\t\t<div class=\"elementor-widget-container\">\n\t\t\t\t\t\t\t\t<a href=\"https:\/\/smilemusicaction.pl\/?page_id=405\">\n\t\t\t\t\t<div class=\"eihe-box eihe-fade eihe_\">\n\t\t\t\t<img loading=\"lazy\" decoding=\"async\" width=\"2560\" height=\"2560\" src=\"https:\/\/smilemusicaction.pl\/wp-content\/uploads\/2025\/03\/DSC_0237-scaled.jpg\" class=\"attachment-full size-full wp-image-1521\" alt=\"\" srcset=\"https:\/\/smilemusicaction.pl\/wp-content\/uploads\/2025\/03\/DSC_0237-scaled.jpg 2560w, https:\/\/smilemusicaction.pl\/wp-content\/uploads\/2025\/03\/DSC_0237-300x300.jpg 300w, https:\/\/smilemusicaction.pl\/wp-content\/uploads\/2025\/03\/DSC_0237-1024x1024.jpg 1024w, https:\/\/smilemusicaction.pl\/wp-content\/uploads\/2025\/03\/DSC_0237-150x150.jpg 150w, https:\/\/smilemusicaction.pl\/wp-content\/uploads\/2025\/03\/DSC_0237-768x768.jpg 768w, https:\/\/smilemusicaction.pl\/wp-content\/uploads\/2025\/03\/DSC_0237-1536x1536.jpg 1536w, https:\/\/smilemusicaction.pl\/wp-content\/uploads\/2025\/03\/DSC_0237-2048x2048.jpg 2048w\" sizes=\"(max-width: 2560px) 100vw, 2560px\" \/>\t\t\t\t<div class=\"eihe-caption\">\n\t\t\t\t\t<div class=\"eihe-title-cover\">\n\t\t\t\t\t\t\t\t\t\t\t\t<h3 class=\"eihe-title\">SPRAWD\u0179<\/h3>\n\t\t\t\t\t\t\t\t\t\t\t<\/div>\n\t\t\t\t\t<p><\/p>\n\t\t\t\t<\/div>\n\t\t\t<\/div>\n\t\t\t\t\t<\/a>\n\t\t\t\t\t\t<\/div>\n\t\t\t\t<\/div>\n\t\t\t\t<div class=\"elementor-element elementor-element-0b682f3 elementor-widget elementor-widget-heading\" data-id=\"0b682f3\" data-element_type=\"widget\" data-widget_type=\"heading.default\">\n\t\t\t\t<div class=\"elementor-widget-container\">\n\t\t\t\t\t<h2 class=\"elementor-heading-title elementor-size-default\">MICHA\u0141 KORCZYK<\/h2>\t\t\t\t<\/div>\n\t\t\t\t<\/div>\n\t\t\t\t<\/div>\n\t\t<div class=\"elementor-element elementor-element-1a7b7f3 e-con-full e-flex e-con e-child\" data-id=\"1a7b7f3\" data-element_type=\"container\" data-settings=\"{&quot;background_background&quot;:&quot;classic&quot;}\">\n\t\t\t\t<div class=\"elementor-element elementor-element-56bcd26 elementor-widget elementor-widget-e_image_hover_effects\" data-id=\"56bcd26\" data-element_type=\"widget\" data-widget_type=\"e_image_hover_effects.default\">\n\t\t\t\t<div class=\"elementor-widget-container\">\n\t\t\t\t\t\t\t\t<a href=\"#\">\n\t\t\t\t\t<div class=\"eihe-box eihe-fade eihe_\">\n\t\t\t\t<img loading=\"lazy\" decoding=\"async\" width=\"1707\" height=\"1707\" src=\"https:\/\/smilemusicaction.pl\/wp-content\/uploads\/2025\/03\/najlepszestudniowki2025-2084-scaled-e1743354109733.jpg\" class=\"attachment-full size-full wp-image-1517\" alt=\"\" srcset=\"https:\/\/smilemusicaction.pl\/wp-content\/uploads\/2025\/03\/najlepszestudniowki2025-2084-scaled-e1743354109733.jpg 1707w, https:\/\/smilemusicaction.pl\/wp-content\/uploads\/2025\/03\/najlepszestudniowki2025-2084-scaled-e1743354109733-300x300.jpg 300w, https:\/\/smilemusicaction.pl\/wp-content\/uploads\/2025\/03\/najlepszestudniowki2025-2084-scaled-e1743354109733-1024x1024.jpg 1024w, https:\/\/smilemusicaction.pl\/wp-content\/uploads\/2025\/03\/najlepszestudniowki2025-2084-scaled-e1743354109733-150x150.jpg 150w, https:\/\/smilemusicaction.pl\/wp-content\/uploads\/2025\/03\/najlepszestudniowki2025-2084-scaled-e1743354109733-768x768.jpg 768w, https:\/\/smilemusicaction.pl\/wp-content\/uploads\/2025\/03\/najlepszestudniowki2025-2084-scaled-e1743354109733-1536x1536.jpg 1536w\" sizes=\"(max-width: 1707px) 100vw, 1707px\" \/>\t\t\t\t<div class=\"eihe-caption\">\n\t\t\t\t\t<div class=\"eihe-title-cover\">\n\t\t\t\t\t\t\t\t\t\t\t\t<h3 class=\"eihe-title\">SPRAWD\u0179<\/h3>\n\t\t\t\t\t\t\t\t\t\t\t<\/div>\n\t\t\t\t\t<p><\/p>\n\t\t\t\t<\/div>\n\t\t\t<\/div>\n\t\t\t\t\t<\/a>\n\t\t\t\t\t\t<\/div>\n\t\t\t\t<\/div>\n\t\t\t\t<div class=\"elementor-element elementor-element-50432ef elementor-widget elementor-widget-heading\" data-id=\"50432ef\" data-element_type=\"widget\" data-widget_type=\"heading.default\">\n\t\t\t\t<div class=\"elementor-widget-container\">\n\t\t\t\t\t<h2 class=\"elementor-heading-title elementor-size-default\">JAN BREGIN<\/h2>\t\t\t\t<\/div>\n\t\t\t\t<\/div>\n\t\t\t\t<\/div>\n\t\t\t\t\t<\/div>\n\t\t\t\t<\/div>\n\t\t\t\t<\/div>\n\t\t","protected":false},"excerpt":{"rendered":"<p>GALERIA ZDJ\u0118\u0106 Witamy w naszej galerii, gdzie muzyka spotyka si\u0119 z obrazem! Zobacz, jak tworzymy niezapomniane chwile na parkiecie. Nasze [&hellip;]<\/p>\n","protected":false},"author":2,"featured_media":0,"parent":0,"menu_order":0,"comment_status":"closed","ping_status":"closed","template":"","meta":{"site-sidebar-layout":"default","site-content-layout":"","ast-site-content-layout":"","site-content-style":"default","site-sidebar-style":"default","ast-global-header-display":"","ast-banner-title-visibility":"","ast-main-header-display":"","ast-hfb-above-header-display":"","ast-hfb-below-header-display":"","ast-hfb-mobile-header-display":"","site-post-title":"disabled","ast-breadcrumbs-content":"","ast-featured-img":"","footer-sml-layout":"","theme-transparent-header-meta":"","adv-header-id-meta":"","stick-header-meta":"","header-above-stick-meta":"","header-main-stick-meta":"","header-below-stick-meta":"","astra-migrate-meta-layouts":"default","ast-page-background-enabled":"default","ast-page-background-meta":{"desktop":{"background-color":"var(--ast-global-color-4)","background-image":"","background-repeat":"repeat","background-position":"center center","background-size":"auto","background-attachment":"scroll","background-type":"","background-media":"","overlay-type":"","overlay-color":"","overlay-opacity":"","overlay-gradient":""},"tablet":{"background-color":"","background-image":"","background-repeat":"repeat","background-position":"center center","background-size":"auto","background-attachment":"scroll","background-type":"","background-media":"","overlay-type":"","overlay-color":"","overlay-opacity":"","overlay-gradient":""},"mobile":{"background-color":"","background-image":"","background-repeat":"repeat","background-position":"center center","background-size":"auto","background-attachment":"scroll","background-type":"","background-media":"","overlay-type":"","overlay-color":"","overlay-opacity":"","overlay-gradient":""}},"ast-content-background-meta":{"desktop":{"background-color":"var(--ast-global-color-5)","background-image":"","background-repeat":"repeat","background-position":"center center","background-size":"auto","background-attachment":"scroll","background-type":"","background-media":"","overlay-type":"","overlay-color":"","overlay-opacity":"","overlay-gradient":""},"tablet":{"background-color":"var(--ast-global-color-5)","background-image":"","background-repeat":"repeat","background-position":"center center","background-size":"auto","background-attachment":"scroll","background-type":"","background-media":"","overlay-type":"","overlay-color":"","overlay-opacity":"","overlay-gradient":""},"mobile":{"background-color":"var(--ast-global-color-5)","background-image":"","background-repeat":"repeat","background-position":"center center","background-size":"auto","background-attachment":"scroll","background-type":"","background-media":"","overlay-type":"","overlay-color":"","overlay-opacity":"","overlay-gradient":""}},"footnotes":""},"class_list":["post-18","page","type-page","status-publish","hentry"],"_links":{"self":[{"href":"https:\/\/smilemusicaction.pl\/index.php?rest_route=\/wp\/v2\/pages\/18","targetHints":{"allow":["GET"]}}],"collection":[{"href":"https:\/\/smilemusicaction.pl\/index.php?rest_route=\/wp\/v2\/pages"}],"about":[{"href":"https:\/\/smilemusicaction.pl\/index.php?rest_route=\/wp\/v2\/types\/page"}],"author":[{"embeddable":true,"href":"https:\/\/smilemusicaction.pl\/index.php?rest_route=\/wp\/v2\/users\/2"}],"replies":[{"embeddable":true,"href":"https:\/\/smilemusicaction.pl\/index.php?rest_route=%2Fwp%2Fv2%2Fcomments&post=18"}],"version-history":[{"count":123,"href":"https:\/\/smilemusicaction.pl\/index.php?rest_route=\/wp\/v2\/pages\/18\/revisions"}],"predecessor-version":[{"id":1527,"href":"https:\/\/smilemusicaction.pl\/index.php?rest_route=\/wp\/v2\/pages\/18\/revisions\/1527"}],"wp:attachment":[{"href":"https:\/\/smilemusicaction.pl\/index.php?rest_route=%2Fwp%2Fv2%2Fmedia&parent=18"}],"curies":[{"name":"wp","href":"https:\/\/api.w.org\/{rel}","templated":true}]}}