{"id":392,"date":"2024-05-30T13:11:20","date_gmt":"2024-05-30T11:11:20","guid":{"rendered":"https:\/\/jano220720035.wordpress.com\/?page_id=392"},"modified":"2025-02-07T14:53:05","modified_gmt":"2025-02-07T13:53:05","slug":"wesele-agaty-i-filipa","status":"publish","type":"page","link":"https:\/\/smilemusicaction.pl\/?page_id=392","title":{"rendered":"GALERIA &#8211; PAWEL DOMAGALA"},"content":{"rendered":"\t\t<div data-elementor-type=\"wp-page\" data-elementor-id=\"392\" class=\"elementor elementor-392\">\n\t\t\t\t<div class=\"elementor-element elementor-element-c403a67 e-flex e-con-boxed e-con e-parent\" data-id=\"c403a67\" data-element_type=\"container\">\n\t\t\t\t\t<div class=\"e-con-inner\">\n\t\t<div class=\"elementor-element elementor-element-4e7ef76 e-con-full e-flex e-con e-child\" data-id=\"4e7ef76\" data-element_type=\"container\">\n\t\t<div class=\"elementor-element elementor-element-6c73f25 e-grid e-con-full e-con e-child\" data-id=\"6c73f25\" data-element_type=\"container\">\n\t\t\t\t<div class=\"elementor-element elementor-element-9d0589e elementor-widget elementor-widget-heading\" data-id=\"9d0589e\" data-element_type=\"widget\" data-widget_type=\"heading.default\">\n\t\t\t\t<div class=\"elementor-widget-container\">\n\t\t\t\t\t<h2 class=\"elementor-heading-title elementor-size-default\">PAWE\u0141 DOMAGA\u0141A<\/h2>\t\t\t\t<\/div>\n\t\t\t\t<\/div>\n\t\t<div class=\"elementor-element elementor-element-e654ab9 e-con-full e-flex e-con e-child\" data-id=\"e654ab9\" data-element_type=\"container\">\n\t\t<div class=\"elementor-element elementor-element-f236857 e-grid e-con-full e-con e-child\" data-id=\"f236857\" data-element_type=\"container\">\n\t\t\t\t<div class=\"elementor-element elementor-element-8cc710b elementor-widget elementor-widget-heading\" data-id=\"8cc710b\" data-element_type=\"widget\" data-widget_type=\"heading.default\">\n\t\t\t\t<div class=\"elementor-widget-container\">\n\t\t\t\t\t<h2 class=\"elementor-heading-title elementor-size-default\">ZNAJDZIESZ MNIE TUTAJ:<\/h2>\t\t\t\t<\/div>\n\t\t\t\t<\/div>\n\t\t\t\t<div class=\"elementor-element elementor-element-91a5f7c elementor-shape-rounded elementor-grid-0 e-grid-align-center elementor-widget elementor-widget-social-icons\" data-id=\"91a5f7c\" data-element_type=\"widget\" data-widget_type=\"social-icons.default\">\n\t\t\t\t<div class=\"elementor-widget-container\">\n\t\t\t\t\t\t\t<div class=\"elementor-social-icons-wrapper elementor-grid\">\n\t\t\t\t\t\t\t<span class=\"elementor-grid-item\">\n\t\t\t\t\t<a class=\"elementor-icon elementor-social-icon elementor-social-icon-facebook elementor-repeater-item-ffca62c\" href=\"https:\/\/www.facebook.com\/djpaweldomagala\" target=\"_blank\">\n\t\t\t\t\t\t<span class=\"elementor-screen-only\">Facebook<\/span>\n\t\t\t\t\t\t<svg class=\"e-font-icon-svg e-fab-facebook\" viewBox=\"0 0 512 512\" xmlns=\"http:\/\/www.w3.org\/2000\/svg\"><path d=\"M504 256C504 119 393 8 256 8S8 119 8 256c0 123.78 90.69 226.38 209.25 245V327.69h-63V256h63v-54.64c0-62.15 37-96.48 93.67-96.48 27.14 0 55.52 4.84 55.52 4.84v61h-31.28c-30.8 0-40.41 19.12-40.41 38.73V256h68.78l-11 71.69h-57.78V501C413.31 482.38 504 379.78 504 256z\"><\/path><\/svg>\t\t\t\t\t<\/a>\n\t\t\t\t<\/span>\n\t\t\t\t\t\t\t<span class=\"elementor-grid-item\">\n\t\t\t\t\t<a class=\"elementor-icon elementor-social-icon elementor-social-icon-instagram elementor-repeater-item-e5cdede\" href=\"https:\/\/www.instagram.com\/djpaweldomagala\/\" target=\"_blank\">\n\t\t\t\t\t\t<span class=\"elementor-screen-only\">Instagram<\/span>\n\t\t\t\t\t\t<svg class=\"e-font-icon-svg e-fab-instagram\" viewBox=\"0 0 448 512\" xmlns=\"http:\/\/www.w3.org\/2000\/svg\"><path d=\"M224.1 141c-63.6 0-114.9 51.3-114.9 114.9s51.3 114.9 114.9 114.9S339 319.5 339 255.9 287.7 141 224.1 141zm0 189.6c-41.1 0-74.7-33.5-74.7-74.7s33.5-74.7 74.7-74.7 74.7 33.5 74.7 74.7-33.6 74.7-74.7 74.7zm146.4-194.3c0 14.9-12 26.8-26.8 26.8-14.9 0-26.8-12-26.8-26.8s12-26.8 26.8-26.8 26.8 12 26.8 26.8zm76.1 27.2c-1.7-35.9-9.9-67.7-36.2-93.9-26.2-26.2-58-34.4-93.9-36.2-37-2.1-147.9-2.1-184.9 0-35.8 1.7-67.6 9.9-93.9 36.1s-34.4 58-36.2 93.9c-2.1 37-2.1 147.9 0 184.9 1.7 35.9 9.9 67.7 36.2 93.9s58 34.4 93.9 36.2c37 2.1 147.9 2.1 184.9 0 35.9-1.7 67.7-9.9 93.9-36.2 26.2-26.2 34.4-58 36.2-93.9 2.1-37 2.1-147.8 0-184.8zM398.8 388c-7.8 19.6-22.9 34.7-42.6 42.6-29.5 11.7-99.5 9-132.1 9s-102.7 2.6-132.1-9c-19.6-7.8-34.7-22.9-42.6-42.6-11.7-29.5-9-99.5-9-132.1s-2.6-102.7 9-132.1c7.8-19.6 22.9-34.7 42.6-42.6 29.5-11.7 99.5-9 132.1-9s102.7-2.6 132.1 9c19.6 7.8 34.7 22.9 42.6 42.6 11.7 29.5 9 99.5 9 132.1s2.7 102.7-9 132.1z\"><\/path><\/svg>\t\t\t\t\t<\/a>\n\t\t\t\t<\/span>\n\t\t\t\t\t\t\t<span class=\"elementor-grid-item\">\n\t\t\t\t\t<a class=\"elementor-icon elementor-social-icon elementor-social-icon-google elementor-repeater-item-c393156\" href=\"https:\/\/djpaweldomagala.pl\/\" target=\"_blank\">\n\t\t\t\t\t\t<span class=\"elementor-screen-only\">Google<\/span>\n\t\t\t\t\t\t<svg class=\"e-font-icon-svg e-fab-google\" viewBox=\"0 0 488 512\" xmlns=\"http:\/\/www.w3.org\/2000\/svg\"><path d=\"M488 261.8C488 403.3 391.1 504 248 504 110.8 504 0 393.2 0 256S110.8 8 248 8c66.8 0 123 24.5 166.3 64.9l-67.5 64.9C258.5 52.6 94.3 116.6 94.3 256c0 86.5 69.1 156.6 153.7 156.6 98.2 0 135-70.4 140.8-106.9H248v-85.3h236.1c2.3 12.7 3.9 24.9 3.9 41.4z\"><\/path><\/svg>\t\t\t\t\t<\/a>\n\t\t\t\t<\/span>\n\t\t\t\t\t<\/div>\n\t\t\t\t\t\t<\/div>\n\t\t\t\t<\/div>\n\t\t\t\t<\/div>\n\t\t\t\t<\/div>\n\t\t\t\t<\/div>\n\t\t\t\t<\/div>\n\t\t<div class=\"elementor-element elementor-element-e6227ed e-con-full e-flex e-con e-child\" data-id=\"e6227ed\" data-element_type=\"container\">\n\t\t<div class=\"elementor-element elementor-element-ddd5076 e-grid e-con-full e-con e-child\" data-id=\"ddd5076\" data-element_type=\"container\">\n\t\t\t\t<div class=\"elementor-element elementor-element-eb139bc elementor-widget elementor-widget-heading\" data-id=\"eb139bc\" data-element_type=\"widget\" data-widget_type=\"heading.default\">\n\t\t\t\t<div class=\"elementor-widget-container\">\n\t\t\t\t\t<h2 class=\"elementor-heading-title elementor-size-default\">Cze\u015b\u0107, jestem Pawe\u0142 Domaga\u0142a, DJ z ponad 800 imprezami na koncie! Muzyka to moja pasja, kt\u00f3r\u0105 przekuwam w niezapomniane do\u015bwiadczenia na parkietach ca\u0142ej Polski. Jako za\u0142o\u017cyciel grupy Smile Music Action, moim celem jest nie tylko granie \u015bwietnej muzyki, ale tak\u017ce tworzenie atmosfery, kt\u00f3ra sprawia, \u017ce ka\u017cda impreza staje si\u0119 wyj\u0105tkowa.\u200b<\/h2>\t\t\t\t<\/div>\n\t\t\t\t<\/div>\n\t\t\t\t<div class=\"elementor-element elementor-element-9ae6726 elementor-widget elementor-widget-heading\" data-id=\"9ae6726\" data-element_type=\"widget\" data-widget_type=\"heading.default\">\n\t\t\t\t<div class=\"elementor-widget-container\">\n\t\t\t\t\t<h2 class=\"elementor-heading-title elementor-size-default\">Od lat dzia\u0142am na scenie muzycznej, zbieraj\u0105c do\u015bwiadczenie i inspiracje z r\u00f3\u017cnych gatunk\u00f3w muzycznych. Uwielbiam bawi\u0107 si\u0119 d\u017awi\u0119kami, miksowa\u0107 r\u00f3\u017cne style i zaskakiwa\u0107 go\u015bci nieoczekiwanymi zwrotami akcji w moich setach. Niezale\u017cnie od tego, czy gramy na weselach, urodzinach, imprezach firmowych czy innych eventach, zawsze daj\u0119 z siebie 100%, aby ka\u017cdy uczestnik m\u00f3g\u0142 poczu\u0107 magi\u0119 muzyki i w pe\u0142ni cieszy\u0107 si\u0119 chwil\u0105.<\/h2>\t\t\t\t<\/div>\n\t\t\t\t<\/div>\n\t\t\t\t<\/div>\n\t\t\t\t<\/div>\n\t\t\t\t\t<\/div>\n\t\t\t\t<\/div>\n\t\t<div class=\"elementor-element elementor-element-fbe6202 e-flex e-con-boxed e-con e-parent\" data-id=\"fbe6202\" data-element_type=\"container\">\n\t\t\t\t\t<div class=\"e-con-inner\">\n\t\t\t\t<div class=\"elementor-element elementor-element-7d213d7 elementor-widget elementor-widget-heading\" data-id=\"7d213d7\" data-element_type=\"widget\" data-widget_type=\"heading.default\">\n\t\t\t\t<div class=\"elementor-widget-container\">\n\t\t\t\t\t<h2 class=\"elementor-heading-title elementor-size-default\">Zapraszam do obejrzenia galerii zdj\u0119\u0107, gdzie mo\u017cecie zobaczy\u0107 mnie w akcji! Przekonajcie si\u0119 sami, jak wygl\u0105da atmosfera imprez i jak tworzymy magiczne chwile na parkiecie. W galerii znajdziecie zdj\u0119cia z r\u00f3\u017cnych wydarze\u0144, kt\u00f3re mia\u0142em okazj\u0119 zagra\u0107, ukazuj\u0105ce pasj\u0119, profesjonalizm i zaanga\u017cowanie. Do zobaczenia na twojej imprezie!<\/h2>\t\t\t\t<\/div>\n\t\t\t\t<\/div>\n\t\t\t\t\t<\/div>\n\t\t\t\t<\/div>\n\t\t<div class=\"elementor-element elementor-element-33d64e0 e-flex e-con-boxed e-con e-parent\" data-id=\"33d64e0\" data-element_type=\"container\">\n\t\t\t\t\t<div class=\"e-con-inner\">\n\t\t<div class=\"elementor-element elementor-element-68fc214 e-con-full e-flex e-con e-child\" data-id=\"68fc214\" data-element_type=\"container\">\n\t\t\t\t<div class=\"elementor-element elementor-element-de93811 elementor-widget elementor-widget-image-gallery\" data-id=\"de93811\" data-element_type=\"widget\" data-widget_type=\"image-gallery.default\">\n\t\t\t\t<div class=\"elementor-widget-container\">\n\t\t\t\t\t\t\t<div class=\"elementor-image-gallery\">\n\t\t\t<div id='gallery-1' class='gallery galleryid-392 gallery-columns-1 gallery-size-full'><figure class='gallery-item'>\n\t\t\t<div class='gallery-icon landscape'>\n\t\t\t\t<a data-elementor-open-lightbox=\"yes\" data-elementor-lightbox-slideshow=\"de93811\" data-elementor-lightbox-title=\"1\" data-e-action-hash=\"#elementor-action%3Aaction%3Dlightbox%26settings%3DeyJpZCI6MTI3OCwidXJsIjoiaHR0cHM6XC9cL3NtaWxlbXVzaWNhY3Rpb24ucGxcL3dwLWNvbnRlbnRcL3VwbG9hZHNcLzIwMjRcLzA3XC8xLTEuanBnIiwic2xpZGVzaG93IjoiZGU5MzgxMSJ9\" href='https:\/\/smilemusicaction.pl\/wp-content\/uploads\/2024\/07\/1-1.jpg'><img fetchpriority=\"high\" decoding=\"async\" width=\"1400\" height=\"935\" src=\"https:\/\/smilemusicaction.pl\/wp-content\/uploads\/2024\/07\/1-1.jpg\" class=\"attachment-full size-full\" alt=\"\" srcset=\"https:\/\/smilemusicaction.pl\/wp-content\/uploads\/2024\/07\/1-1.jpg 1400w, https:\/\/smilemusicaction.pl\/wp-content\/uploads\/2024\/07\/1-1-300x200.jpg 300w, https:\/\/smilemusicaction.pl\/wp-content\/uploads\/2024\/07\/1-1-1024x684.jpg 1024w, https:\/\/smilemusicaction.pl\/wp-content\/uploads\/2024\/07\/1-1-768x513.jpg 768w\" sizes=\"(max-width: 1400px) 100vw, 1400px\" \/><\/a>\n\t\t\t<\/div><\/figure>\n\t\t<\/div>\n\t\t<\/div>\n\t\t\t\t\t\t<\/div>\n\t\t\t\t<\/div>\n\t\t\t\t<\/div>\n\t\t<div class=\"elementor-element elementor-element-09ad96a e-con-full e-flex e-con e-child\" data-id=\"09ad96a\" data-element_type=\"container\">\n\t\t\t\t<div class=\"elementor-element elementor-element-2f5a013 elementor-widget elementor-widget-image\" data-id=\"2f5a013\" data-element_type=\"widget\" data-widget_type=\"image.default\">\n\t\t\t\t<div class=\"elementor-widget-container\">\n\t\t\t\t\t\t\t\t\t\t\t\t\t\t\t<img decoding=\"async\" width=\"1024\" height=\"683\" src=\"https:\/\/smilemusicaction.pl\/wp-content\/uploads\/2025\/01\/WG_wesele-474-1024x683.jpg\" class=\"attachment-large size-large wp-image-1475\" alt=\"\" srcset=\"https:\/\/smilemusicaction.pl\/wp-content\/uploads\/2025\/01\/WG_wesele-474-1024x683.jpg 1024w, https:\/\/smilemusicaction.pl\/wp-content\/uploads\/2025\/01\/WG_wesele-474-300x200.jpg 300w, https:\/\/smilemusicaction.pl\/wp-content\/uploads\/2025\/01\/WG_wesele-474-768x512.jpg 768w, https:\/\/smilemusicaction.pl\/wp-content\/uploads\/2025\/01\/WG_wesele-474-1536x1024.jpg 1536w, https:\/\/smilemusicaction.pl\/wp-content\/uploads\/2025\/01\/WG_wesele-474.jpg 2048w\" sizes=\"(max-width: 1024px) 100vw, 1024px\" \/>\t\t\t\t\t\t\t\t\t\t\t\t\t\t\t<\/div>\n\t\t\t\t<\/div>\n\t\t\t\t<\/div>\n\t\t\t\t\t<\/div>\n\t\t\t\t<\/div>\n\t\t<div class=\"elementor-element elementor-element-0c829c8 e-flex e-con-boxed e-con e-parent\" data-id=\"0c829c8\" data-element_type=\"container\">\n\t\t\t\t\t<div class=\"e-con-inner\">\n\t\t\t\t<div class=\"elementor-element elementor-element-9630139 elementor-widget elementor-widget-image-gallery\" data-id=\"9630139\" data-element_type=\"widget\" data-widget_type=\"image-gallery.default\">\n\t\t\t\t<div class=\"elementor-widget-container\">\n\t\t\t\t\t\t\t<div class=\"elementor-image-gallery\">\n\t\t\t<div id='gallery-2' class='gallery galleryid-392 gallery-columns-1 gallery-size-full'><figure class='gallery-item'>\n\t\t\t<div class='gallery-icon landscape'>\n\t\t\t\t<a data-elementor-open-lightbox=\"yes\" data-elementor-lightbox-slideshow=\"9630139\" data-elementor-lightbox-title=\"5\" data-e-action-hash=\"#elementor-action%3Aaction%3Dlightbox%26settings%3DeyJpZCI6MTI4MSwidXJsIjoiaHR0cHM6XC9cL3NtaWxlbXVzaWNhY3Rpb24ucGxcL3dwLWNvbnRlbnRcL3VwbG9hZHNcLzIwMjRcLzA3XC81LmpwZyIsInNsaWRlc2hvdyI6Ijk2MzAxMzkifQ%3D%3D\" href='https:\/\/smilemusicaction.pl\/wp-content\/uploads\/2024\/07\/5.jpg'><img decoding=\"async\" width=\"1400\" height=\"931\" src=\"https:\/\/smilemusicaction.pl\/wp-content\/uploads\/2024\/07\/5.jpg\" class=\"attachment-full size-full\" alt=\"\" srcset=\"https:\/\/smilemusicaction.pl\/wp-content\/uploads\/2024\/07\/5.jpg 1400w, https:\/\/smilemusicaction.pl\/wp-content\/uploads\/2024\/07\/5-300x200.jpg 300w, https:\/\/smilemusicaction.pl\/wp-content\/uploads\/2024\/07\/5-1024x681.jpg 1024w, https:\/\/smilemusicaction.pl\/wp-content\/uploads\/2024\/07\/5-768x511.jpg 768w\" sizes=\"(max-width: 1400px) 100vw, 1400px\" \/><\/a>\n\t\t\t<\/div><\/figure>\n\t\t<\/div>\n\t\t<\/div>\n\t\t\t\t\t\t<\/div>\n\t\t\t\t<\/div>\n\t\t\t\t\t<\/div>\n\t\t\t\t<\/div>\n\t\t<div class=\"elementor-element elementor-element-f9ce329 e-flex e-con-boxed e-con e-parent\" data-id=\"f9ce329\" data-element_type=\"container\">\n\t\t\t\t\t<div class=\"e-con-inner\">\n\t\t<div class=\"elementor-element elementor-element-7f3b716 e-con-full e-flex e-con e-child\" data-id=\"7f3b716\" data-element_type=\"container\">\n\t\t\t\t<div class=\"elementor-element elementor-element-1cf679a elementor-widget elementor-widget-image\" data-id=\"1cf679a\" data-element_type=\"widget\" data-widget_type=\"image.default\">\n\t\t\t\t<div class=\"elementor-widget-container\">\n\t\t\t\t\t\t\t\t\t\t\t\t\t\t\t<img loading=\"lazy\" decoding=\"async\" width=\"1080\" height=\"719\" src=\"https:\/\/smilemusicaction.pl\/wp-content\/uploads\/2025\/01\/1111-1.webp\" class=\"attachment-full size-full wp-image-1479\" alt=\"\" srcset=\"https:\/\/smilemusicaction.pl\/wp-content\/uploads\/2025\/01\/1111-1.webp 1080w, https:\/\/smilemusicaction.pl\/wp-content\/uploads\/2025\/01\/1111-1-300x200.webp 300w, https:\/\/smilemusicaction.pl\/wp-content\/uploads\/2025\/01\/1111-1-1024x682.webp 1024w, https:\/\/smilemusicaction.pl\/wp-content\/uploads\/2025\/01\/1111-1-768x511.webp 768w\" sizes=\"(max-width: 1080px) 100vw, 1080px\" \/>\t\t\t\t\t\t\t\t\t\t\t\t\t\t\t<\/div>\n\t\t\t\t<\/div>\n\t\t\t\t<\/div>\n\t\t<div class=\"elementor-element elementor-element-26ffbf4 e-con-full e-flex e-con e-child\" data-id=\"26ffbf4\" data-element_type=\"container\">\n\t\t\t\t<div class=\"elementor-element elementor-element-377b9c7 elementor-widget elementor-widget-image-gallery\" data-id=\"377b9c7\" data-element_type=\"widget\" data-widget_type=\"image-gallery.default\">\n\t\t\t\t<div class=\"elementor-widget-container\">\n\t\t\t\t\t\t\t<div class=\"elementor-image-gallery\">\n\t\t\t<div id='gallery-3' class='gallery galleryid-392 gallery-columns-1 gallery-size-full'><figure class='gallery-item'>\n\t\t\t<div class='gallery-icon landscape'>\n\t\t\t\t<a data-elementor-open-lightbox=\"yes\" data-elementor-lightbox-slideshow=\"377b9c7\" data-elementor-lightbox-title=\"6-1\" data-e-action-hash=\"#elementor-action%3Aaction%3Dlightbox%26settings%3DeyJpZCI6NTQxLCJ1cmwiOiJodHRwczpcL1wvc21pbGVtdXNpY2FjdGlvbi5wbFwvd3AtY29udGVudFwvdXBsb2Fkc1wvMjAyNFwvMDZcLzYtMS5qcGciLCJzbGlkZXNob3ciOiIzNzdiOWM3In0%3D\" href='https:\/\/smilemusicaction.pl\/wp-content\/uploads\/2024\/06\/6-1.jpg'><img loading=\"lazy\" decoding=\"async\" width=\"1400\" height=\"931\" src=\"https:\/\/smilemusicaction.pl\/wp-content\/uploads\/2024\/06\/6-1.jpg\" class=\"attachment-full size-full\" alt=\"\" srcset=\"https:\/\/smilemusicaction.pl\/wp-content\/uploads\/2024\/06\/6-1.jpg 1400w, https:\/\/smilemusicaction.pl\/wp-content\/uploads\/2024\/06\/6-1-300x200.jpg 300w, https:\/\/smilemusicaction.pl\/wp-content\/uploads\/2024\/06\/6-1-1024x681.jpg 1024w, https:\/\/smilemusicaction.pl\/wp-content\/uploads\/2024\/06\/6-1-768x511.jpg 768w\" sizes=\"(max-width: 1400px) 100vw, 1400px\" \/><\/a>\n\t\t\t<\/div><\/figure>\n\t\t<\/div>\n\t\t<\/div>\n\t\t\t\t\t\t<\/div>\n\t\t\t\t<\/div>\n\t\t\t\t<\/div>\n\t\t\t\t\t<\/div>\n\t\t\t\t<\/div>\n\t\t\t\t<\/div>\n\t\t","protected":false},"excerpt":{"rendered":"<p>PAWE\u0141 DOMAGA\u0141A ZNAJDZIESZ MNIE TUTAJ: Facebook Instagram Google Cze\u015b\u0107, jestem Pawe\u0142 Domaga\u0142a, DJ z ponad 800 imprezami na koncie! Muzyka [&hellip;]<\/p>\n","protected":false},"author":2,"featured_media":0,"parent":0,"menu_order":0,"comment_status":"closed","ping_status":"closed","template":"","meta":{"site-sidebar-layout":"default","site-content-layout":"","ast-site-content-layout":"","site-content-style":"default","site-sidebar-style":"default","ast-global-header-display":"","ast-banner-title-visibility":"","ast-main-header-display":"","ast-hfb-above-header-display":"","ast-hfb-below-header-display":"","ast-hfb-mobile-header-display":"","site-post-title":"","ast-breadcrumbs-content":"","ast-featured-img":"","footer-sml-layout":"","theme-transparent-header-meta":"","adv-header-id-meta":"","stick-header-meta":"","header-above-stick-meta":"","header-main-stick-meta":"","header-below-stick-meta":"","astra-migrate-meta-layouts":"default","ast-page-background-enabled":"default","ast-page-background-meta":{"desktop":{"background-color":"var(--ast-global-color-4)","background-image":"","background-repeat":"repeat","background-position":"center center","background-size":"auto","background-attachment":"scroll","background-type":"","background-media":"","overlay-type":"","overlay-color":"","overlay-opacity":"","overlay-gradient":""},"tablet":{"background-color":"","background-image":"","background-repeat":"repeat","background-position":"center center","background-size":"auto","background-attachment":"scroll","background-type":"","background-media":"","overlay-type":"","overlay-color":"","overlay-opacity":"","overlay-gradient":""},"mobile":{"background-color":"","background-image":"","background-repeat":"repeat","background-position":"center center","background-size":"auto","background-attachment":"scroll","background-type":"","background-media":"","overlay-type":"","overlay-color":"","overlay-opacity":"","overlay-gradient":""}},"ast-content-background-meta":{"desktop":{"background-color":"var(--ast-global-color-5)","background-image":"","background-repeat":"repeat","background-position":"center center","background-size":"auto","background-attachment":"scroll","background-type":"","background-media":"","overlay-type":"","overlay-color":"","overlay-opacity":"","overlay-gradient":""},"tablet":{"background-color":"var(--ast-global-color-5)","background-image":"","background-repeat":"repeat","background-position":"center center","background-size":"auto","background-attachment":"scroll","background-type":"","background-media":"","overlay-type":"","overlay-color":"","overlay-opacity":"","overlay-gradient":""},"mobile":{"background-color":"var(--ast-global-color-5)","background-image":"","background-repeat":"repeat","background-position":"center center","background-size":"auto","background-attachment":"scroll","background-type":"","background-media":"","overlay-type":"","overlay-color":"","overlay-opacity":"","overlay-gradient":""}},"footnotes":""},"class_list":["post-392","page","type-page","status-publish","hentry"],"_links":{"self":[{"href":"https:\/\/smilemusicaction.pl\/index.php?rest_route=\/wp\/v2\/pages\/392","targetHints":{"allow":["GET"]}}],"collection":[{"href":"https:\/\/smilemusicaction.pl\/index.php?rest_route=\/wp\/v2\/pages"}],"about":[{"href":"https:\/\/smilemusicaction.pl\/index.php?rest_route=\/wp\/v2\/types\/page"}],"author":[{"embeddable":true,"href":"https:\/\/smilemusicaction.pl\/index.php?rest_route=\/wp\/v2\/users\/2"}],"replies":[{"embeddable":true,"href":"https:\/\/smilemusicaction.pl\/index.php?rest_route=%2Fwp%2Fv2%2Fcomments&post=392"}],"version-history":[{"count":55,"href":"https:\/\/smilemusicaction.pl\/index.php?rest_route=\/wp\/v2\/pages\/392\/revisions"}],"predecessor-version":[{"id":1515,"href":"https:\/\/smilemusicaction.pl\/index.php?rest_route=\/wp\/v2\/pages\/392\/revisions\/1515"}],"wp:attachment":[{"href":"https:\/\/smilemusicaction.pl\/index.php?rest_route=%2Fwp%2Fv2%2Fmedia&parent=392"}],"curies":[{"name":"wp","href":"https:\/\/api.w.org\/{rel}","templated":true}]}}