{"id":405,"date":"2024-05-30T13:26:51","date_gmt":"2024-05-30T11:26:51","guid":{"rendered":"https:\/\/jano220720035.wordpress.com\/?page_id=405"},"modified":"2025-01-05T12:04:52","modified_gmt":"2025-01-05T11:04:52","slug":"wesele-weroniki-i-ryana","status":"publish","type":"page","link":"https:\/\/smilemusicaction.pl\/?page_id=405","title":{"rendered":"GALERIA &#8211; MICHA\u0141 KORCZYK"},"content":{"rendered":"\t\t<div data-elementor-type=\"wp-page\" data-elementor-id=\"405\" class=\"elementor elementor-405\">\n\t\t\t\t<div class=\"elementor-element elementor-element-8946eb0 e-flex e-con-boxed e-con e-parent\" data-id=\"8946eb0\" data-element_type=\"container\">\n\t\t\t\t\t<div class=\"e-con-inner\">\n\t\t<div class=\"elementor-element elementor-element-3b224c6 e-con-full e-flex e-con e-child\" data-id=\"3b224c6\" data-element_type=\"container\">\n\t\t<div class=\"elementor-element elementor-element-53c0116 e-grid e-con-full e-con e-child\" data-id=\"53c0116\" data-element_type=\"container\">\n\t\t\t\t<div class=\"elementor-element elementor-element-0061115 elementor-widget elementor-widget-heading\" data-id=\"0061115\" data-element_type=\"widget\" data-widget_type=\"heading.default\">\n\t\t\t\t<div class=\"elementor-widget-container\">\n\t\t\t\t\t<h2 class=\"elementor-heading-title elementor-size-default\">MICHA\u0141 KORCZYK\n<\/h2>\t\t\t\t<\/div>\n\t\t\t\t<\/div>\n\t\t<div class=\"elementor-element elementor-element-0a0a235 e-grid e-con-full e-con e-child\" data-id=\"0a0a235\" data-element_type=\"container\">\n\t\t\t\t<div class=\"elementor-element elementor-element-50a15d0 elementor-widget elementor-widget-heading\" data-id=\"50a15d0\" data-element_type=\"widget\" data-widget_type=\"heading.default\">\n\t\t\t\t<div class=\"elementor-widget-container\">\n\t\t\t\t\t<h2 class=\"elementor-heading-title elementor-size-default\">ZNAJDZIESZ MNIE TUTAJ:<\/h2>\t\t\t\t<\/div>\n\t\t\t\t<\/div>\n\t\t\t\t<div class=\"elementor-element elementor-element-69fcb45 e-grid-align-left elementor-shape-rounded elementor-grid-0 elementor-widget elementor-widget-social-icons\" data-id=\"69fcb45\" data-element_type=\"widget\" data-widget_type=\"social-icons.default\">\n\t\t\t\t<div class=\"elementor-widget-container\">\n\t\t\t\t\t\t\t<div class=\"elementor-social-icons-wrapper elementor-grid\">\n\t\t\t\t\t\t\t<span class=\"elementor-grid-item\">\n\t\t\t\t\t<a class=\"elementor-icon elementor-social-icon elementor-social-icon-facebook elementor-repeater-item-1cca54c\" href=\"https:\/\/www.facebook.com\/mlodykoras\" target=\"_blank\">\n\t\t\t\t\t\t<span class=\"elementor-screen-only\">Facebook<\/span>\n\t\t\t\t\t\t<svg class=\"e-font-icon-svg e-fab-facebook\" viewBox=\"0 0 512 512\" xmlns=\"http:\/\/www.w3.org\/2000\/svg\"><path d=\"M504 256C504 119 393 8 256 8S8 119 8 256c0 123.78 90.69 226.38 209.25 245V327.69h-63V256h63v-54.64c0-62.15 37-96.48 93.67-96.48 27.14 0 55.52 4.84 55.52 4.84v61h-31.28c-30.8 0-40.41 19.12-40.41 38.73V256h68.78l-11 71.69h-57.78V501C413.31 482.38 504 379.78 504 256z\"><\/path><\/svg>\t\t\t\t\t<\/a>\n\t\t\t\t<\/span>\n\t\t\t\t\t\t\t<span class=\"elementor-grid-item\">\n\t\t\t\t\t<a class=\"elementor-icon elementor-social-icon elementor-social-icon-instagram elementor-repeater-item-e6e2c05\" href=\"https:\/\/www.instagram.com\/mkorczu\/\" target=\"_blank\">\n\t\t\t\t\t\t<span class=\"elementor-screen-only\">Instagram<\/span>\n\t\t\t\t\t\t<svg class=\"e-font-icon-svg e-fab-instagram\" viewBox=\"0 0 448 512\" xmlns=\"http:\/\/www.w3.org\/2000\/svg\"><path d=\"M224.1 141c-63.6 0-114.9 51.3-114.9 114.9s51.3 114.9 114.9 114.9S339 319.5 339 255.9 287.7 141 224.1 141zm0 189.6c-41.1 0-74.7-33.5-74.7-74.7s33.5-74.7 74.7-74.7 74.7 33.5 74.7 74.7-33.6 74.7-74.7 74.7zm146.4-194.3c0 14.9-12 26.8-26.8 26.8-14.9 0-26.8-12-26.8-26.8s12-26.8 26.8-26.8 26.8 12 26.8 26.8zm76.1 27.2c-1.7-35.9-9.9-67.7-36.2-93.9-26.2-26.2-58-34.4-93.9-36.2-37-2.1-147.9-2.1-184.9 0-35.8 1.7-67.6 9.9-93.9 36.1s-34.4 58-36.2 93.9c-2.1 37-2.1 147.9 0 184.9 1.7 35.9 9.9 67.7 36.2 93.9s58 34.4 93.9 36.2c37 2.1 147.9 2.1 184.9 0 35.9-1.7 67.7-9.9 93.9-36.2 26.2-26.2 34.4-58 36.2-93.9 2.1-37 2.1-147.8 0-184.8zM398.8 388c-7.8 19.6-22.9 34.7-42.6 42.6-29.5 11.7-99.5 9-132.1 9s-102.7 2.6-132.1-9c-19.6-7.8-34.7-22.9-42.6-42.6-11.7-29.5-9-99.5-9-132.1s-2.6-102.7 9-132.1c7.8-19.6 22.9-34.7 42.6-42.6 29.5-11.7 99.5-9 132.1-9s102.7-2.6 132.1 9c19.6 7.8 34.7 22.9 42.6 42.6 11.7 29.5 9 99.5 9 132.1s2.7 102.7-9 132.1z\"><\/path><\/svg>\t\t\t\t\t<\/a>\n\t\t\t\t<\/span>\n\t\t\t\t\t<\/div>\n\t\t\t\t\t\t<\/div>\n\t\t\t\t<\/div>\n\t\t\t\t<\/div>\n\t\t\t\t<\/div>\n\t\t\t\t<\/div>\n\t\t<div class=\"elementor-element elementor-element-f35cb08 e-con-full e-flex e-con e-child\" data-id=\"f35cb08\" data-element_type=\"container\">\n\t\t<div class=\"elementor-element elementor-element-3a79e23 e-grid e-con-full e-con e-child\" data-id=\"3a79e23\" data-element_type=\"container\">\n\t\t\t\t<div class=\"elementor-element elementor-element-da2c55c elementor-widget elementor-widget-heading\" data-id=\"da2c55c\" data-element_type=\"widget\" data-widget_type=\"heading.default\">\n\t\t\t\t<div class=\"elementor-widget-container\">\n\t\t\t\t\t<h2 class=\"elementor-heading-title elementor-size-default\">Jestem Micha\u0142 Korczyk, DJ z wieloletnim do\u015bwiadczeniem i cz\u0142onek grupy Smile Music Action. Moja pasja do muzyki i umiej\u0119tno\u015b\u0107 czytania publiczno\u015bci pozwala mi tworzy\u0107 niezapomniane imprezy, na kt\u00f3rych parkiet jest pe\u0142en go\u015bci przez ca\u0142\u0105 noc.<\/h2>\t\t\t\t<\/div>\n\t\t\t\t<\/div>\n\t\t\t\t<div class=\"elementor-element elementor-element-ea9d26c elementor-widget elementor-widget-heading\" data-id=\"ea9d26c\" data-element_type=\"widget\" data-widget_type=\"heading.default\">\n\t\t\t\t<div class=\"elementor-widget-container\">\n\t\t\t\t\t<h2 class=\"elementor-heading-title elementor-size-default\">Specjalizuj\u0119 si\u0119 w p\u0142ynnym miksowaniu r\u00f3\u017cnych gatunk\u00f3w muzycznych i dbam o ka\u017cdy detal techniczny, korzystaj\u0105c z najnowszych technologii d\u017awi\u0119kowych i o\u015bwietleniowych. Jako cz\u0119\u015b\u0107 Smile Music Action, anga\u017cuj\u0119 si\u0119 tak\u017ce w interaktywne animacje, kt\u00f3re dodaj\u0105 energii ka\u017cdemu wydarzeniu. Zapraszam na nasze imprezy, gdzie mo\u017cecie do\u015bwiadczy\u0107, jak moja pasja do muzyki rozkr\u0119ca ka\u017cd\u0105 zabaw\u0119!<\/h2>\t\t\t\t<\/div>\n\t\t\t\t<\/div>\n\t\t\t\t<\/div>\n\t\t\t\t<\/div>\n\t\t\t\t\t<\/div>\n\t\t\t\t<\/div>\n\t\t<div class=\"elementor-element elementor-element-1beb985 e-con-full e-flex e-con e-parent\" data-id=\"1beb985\" data-element_type=\"container\">\n\t\t<div class=\"elementor-element elementor-element-4732de1 e-con-full e-flex e-con e-child\" data-id=\"4732de1\" data-element_type=\"container\">\n\t\t\t\t<div class=\"elementor-element elementor-element-d6ad501 elementor-widget elementor-widget-image\" data-id=\"d6ad501\" data-element_type=\"widget\" data-widget_type=\"image.default\">\n\t\t\t\t<div class=\"elementor-widget-container\">\n\t\t\t\t\t\t\t\t\t\t\t\t\t\t\t<img fetchpriority=\"high\" decoding=\"async\" width=\"1705\" height=\"2560\" src=\"https:\/\/smilemusicaction.pl\/wp-content\/uploads\/2025\/01\/K-P-618-scaled.jpg\" class=\"attachment-full size-full wp-image-1449\" alt=\"\" srcset=\"https:\/\/smilemusicaction.pl\/wp-content\/uploads\/2025\/01\/K-P-618-scaled.jpg 1705w, https:\/\/smilemusicaction.pl\/wp-content\/uploads\/2025\/01\/K-P-618-200x300.jpg 200w, https:\/\/smilemusicaction.pl\/wp-content\/uploads\/2025\/01\/K-P-618-682x1024.jpg 682w, https:\/\/smilemusicaction.pl\/wp-content\/uploads\/2025\/01\/K-P-618-768x1153.jpg 768w, https:\/\/smilemusicaction.pl\/wp-content\/uploads\/2025\/01\/K-P-618-1023x1536.jpg 1023w, https:\/\/smilemusicaction.pl\/wp-content\/uploads\/2025\/01\/K-P-618-1364x2048.jpg 1364w\" sizes=\"(max-width: 1705px) 100vw, 1705px\" \/>\t\t\t\t\t\t\t\t\t\t\t\t\t\t\t<\/div>\n\t\t\t\t<\/div>\n\t\t\t\t<\/div>\n\t\t<div class=\"elementor-element elementor-element-d81ca50 e-con-full e-flex e-con e-child\" data-id=\"d81ca50\" data-element_type=\"container\">\n\t\t<div class=\"elementor-element elementor-element-72d31fd e-con-full e-flex e-con e-child\" data-id=\"72d31fd\" data-element_type=\"container\">\n\t\t\t\t<div class=\"elementor-element elementor-element-1da1476 elementor-widget elementor-widget-image\" data-id=\"1da1476\" data-element_type=\"widget\" data-widget_type=\"image.default\">\n\t\t\t\t<div class=\"elementor-widget-container\">\n\t\t\t\t\t\t\t\t\t\t\t\t\t\t\t<img decoding=\"async\" width=\"1024\" height=\"683\" src=\"https:\/\/smilemusicaction.pl\/wp-content\/uploads\/2025\/01\/ZDJ_550-1024x683.jpg\" class=\"attachment-large size-large wp-image-1458\" alt=\"\" srcset=\"https:\/\/smilemusicaction.pl\/wp-content\/uploads\/2025\/01\/ZDJ_550-1024x683.jpg 1024w, https:\/\/smilemusicaction.pl\/wp-content\/uploads\/2025\/01\/ZDJ_550-300x200.jpg 300w, https:\/\/smilemusicaction.pl\/wp-content\/uploads\/2025\/01\/ZDJ_550-768x512.jpg 768w, https:\/\/smilemusicaction.pl\/wp-content\/uploads\/2025\/01\/ZDJ_550-1536x1024.jpg 1536w, https:\/\/smilemusicaction.pl\/wp-content\/uploads\/2025\/01\/ZDJ_550-2048x1365.jpg 2048w\" sizes=\"(max-width: 1024px) 100vw, 1024px\" \/>\t\t\t\t\t\t\t\t\t\t\t\t\t\t\t<\/div>\n\t\t\t\t<\/div>\n\t\t\t\t<div class=\"elementor-element elementor-element-27deba5 elementor-widget elementor-widget-heading\" data-id=\"27deba5\" data-element_type=\"widget\" data-widget_type=\"heading.default\">\n\t\t\t\t<div class=\"elementor-widget-container\">\n\t\t\t\t\t<h2 class=\"elementor-heading-title elementor-size-default\">Moja galeria zdj\u0119\u0107 ukazuje chwile z wyst\u0119p\u00f3w, skupiaj\u0105c si\u0119 na interakcji z publiczno\u015bci\u0105 i emocjach towarzysz\u0105cych muzyce. Zdj\u0119cia podkre\u015blaj\u0105 autentyczno\u015b\u0107 sceny, ukazuj\u0105c mnie przy konsoli.<\/h2>\t\t\t\t<\/div>\n\t\t\t\t<\/div>\n\t\t\t\t<div class=\"elementor-element elementor-element-cce89aa elementor-widget elementor-widget-image\" data-id=\"cce89aa\" data-element_type=\"widget\" data-widget_type=\"image.default\">\n\t\t\t\t<div class=\"elementor-widget-container\">\n\t\t\t\t\t\t\t\t\t\t\t\t\t\t\t<img decoding=\"async\" width=\"1024\" height=\"683\" src=\"https:\/\/smilemusicaction.pl\/wp-content\/uploads\/2025\/01\/ZDJ_252-1024x683.jpg\" class=\"attachment-large size-large wp-image-1447\" alt=\"\" srcset=\"https:\/\/smilemusicaction.pl\/wp-content\/uploads\/2025\/01\/ZDJ_252-1024x683.jpg 1024w, https:\/\/smilemusicaction.pl\/wp-content\/uploads\/2025\/01\/ZDJ_252-300x200.jpg 300w, https:\/\/smilemusicaction.pl\/wp-content\/uploads\/2025\/01\/ZDJ_252-768x512.jpg 768w, https:\/\/smilemusicaction.pl\/wp-content\/uploads\/2025\/01\/ZDJ_252-1536x1024.jpg 1536w, https:\/\/smilemusicaction.pl\/wp-content\/uploads\/2025\/01\/ZDJ_252-2048x1365.jpg 2048w\" sizes=\"(max-width: 1024px) 100vw, 1024px\" \/>\t\t\t\t\t\t\t\t\t\t\t\t\t\t\t<\/div>\n\t\t\t\t<\/div>\n\t\t\t\t<\/div>\n\t\t\t\t<\/div>\n\t\t\t\t<\/div>\n\t\t<div class=\"elementor-element elementor-element-ec83008 e-con-full e-flex e-con e-parent\" data-id=\"ec83008\" data-element_type=\"container\">\n\t\t\t\t<div class=\"elementor-element elementor-element-4f21b54 elementor-widget elementor-widget-image\" data-id=\"4f21b54\" data-element_type=\"widget\" data-widget_type=\"image.default\">\n\t\t\t\t<div class=\"elementor-widget-container\">\n\t\t\t\t\t\t\t\t\t\t\t\t\t\t\t<img loading=\"lazy\" decoding=\"async\" width=\"2560\" height=\"1707\" src=\"https:\/\/smilemusicaction.pl\/wp-content\/uploads\/2025\/01\/DSC_3339-scaled.jpg\" class=\"attachment-full size-full wp-image-1450\" alt=\"\" srcset=\"https:\/\/smilemusicaction.pl\/wp-content\/uploads\/2025\/01\/DSC_3339-scaled.jpg 2560w, https:\/\/smilemusicaction.pl\/wp-content\/uploads\/2025\/01\/DSC_3339-300x200.jpg 300w, https:\/\/smilemusicaction.pl\/wp-content\/uploads\/2025\/01\/DSC_3339-1024x683.jpg 1024w, https:\/\/smilemusicaction.pl\/wp-content\/uploads\/2025\/01\/DSC_3339-768x512.jpg 768w, https:\/\/smilemusicaction.pl\/wp-content\/uploads\/2025\/01\/DSC_3339-1536x1024.jpg 1536w, https:\/\/smilemusicaction.pl\/wp-content\/uploads\/2025\/01\/DSC_3339-2048x1365.jpg 2048w\" sizes=\"(max-width: 2560px) 100vw, 2560px\" \/>\t\t\t\t\t\t\t\t\t\t\t\t\t\t\t<\/div>\n\t\t\t\t<\/div>\n\t\t\t\t<\/div>\n\t\t<div class=\"elementor-element elementor-element-f15c264 e-con-full e-flex e-con e-parent\" data-id=\"f15c264\" data-element_type=\"container\">\n\t\t<div class=\"elementor-element elementor-element-d2f3037 e-con-full e-flex e-con e-child\" data-id=\"d2f3037\" data-element_type=\"container\">\n\t\t\t\t<div class=\"elementor-element elementor-element-fd168c7 elementor-widget elementor-widget-image\" data-id=\"fd168c7\" data-element_type=\"widget\" data-widget_type=\"image.default\">\n\t\t\t\t<div class=\"elementor-widget-container\">\n\t\t\t\t\t\t\t\t\t\t\t\t\t\t\t<img loading=\"lazy\" decoding=\"async\" width=\"1024\" height=\"683\" src=\"https:\/\/smilemusicaction.pl\/wp-content\/uploads\/2025\/01\/ZDJ_607-1024x683.jpg\" class=\"attachment-large size-large wp-image-1456\" alt=\"\" srcset=\"https:\/\/smilemusicaction.pl\/wp-content\/uploads\/2025\/01\/ZDJ_607-1024x683.jpg 1024w, https:\/\/smilemusicaction.pl\/wp-content\/uploads\/2025\/01\/ZDJ_607-300x200.jpg 300w, https:\/\/smilemusicaction.pl\/wp-content\/uploads\/2025\/01\/ZDJ_607-768x512.jpg 768w, https:\/\/smilemusicaction.pl\/wp-content\/uploads\/2025\/01\/ZDJ_607-1536x1024.jpg 1536w, https:\/\/smilemusicaction.pl\/wp-content\/uploads\/2025\/01\/ZDJ_607-2048x1365.jpg 2048w\" sizes=\"(max-width: 1024px) 100vw, 1024px\" \/>\t\t\t\t\t\t\t\t\t\t\t\t\t\t\t<\/div>\n\t\t\t\t<\/div>\n\t\t\t\t<\/div>\n\t\t<div class=\"elementor-element elementor-element-3e97003 e-con-full e-flex e-con e-child\" data-id=\"3e97003\" data-element_type=\"container\">\n\t\t\t\t<div class=\"elementor-element elementor-element-d464c15 elementor-widget elementor-widget-image\" data-id=\"d464c15\" data-element_type=\"widget\" data-widget_type=\"image.default\">\n\t\t\t\t<div class=\"elementor-widget-container\">\n\t\t\t\t\t\t\t\t\t\t\t\t\t\t\t<img loading=\"lazy\" decoding=\"async\" width=\"1024\" height=\"683\" src=\"https:\/\/smilemusicaction.pl\/wp-content\/uploads\/2025\/01\/ZDJ_605-1024x683.jpg\" class=\"attachment-large size-large wp-image-1457\" alt=\"\" srcset=\"https:\/\/smilemusicaction.pl\/wp-content\/uploads\/2025\/01\/ZDJ_605-1024x683.jpg 1024w, https:\/\/smilemusicaction.pl\/wp-content\/uploads\/2025\/01\/ZDJ_605-300x200.jpg 300w, https:\/\/smilemusicaction.pl\/wp-content\/uploads\/2025\/01\/ZDJ_605-768x512.jpg 768w, https:\/\/smilemusicaction.pl\/wp-content\/uploads\/2025\/01\/ZDJ_605-1536x1024.jpg 1536w, https:\/\/smilemusicaction.pl\/wp-content\/uploads\/2025\/01\/ZDJ_605-2048x1365.jpg 2048w\" sizes=\"(max-width: 1024px) 100vw, 1024px\" \/>\t\t\t\t\t\t\t\t\t\t\t\t\t\t\t<\/div>\n\t\t\t\t<\/div>\n\t\t\t\t<\/div>\n\t\t\t\t<\/div>\n\t\t\t\t<\/div>\n\t\t","protected":false},"excerpt":{"rendered":"<p>MICHA\u0141 KORCZYK ZNAJDZIESZ MNIE TUTAJ: Facebook Instagram Jestem Micha\u0142 Korczyk, DJ z wieloletnim do\u015bwiadczeniem i cz\u0142onek grupy Smile Music Action. [&hellip;]<\/p>\n","protected":false},"author":2,"featured_media":0,"parent":0,"menu_order":0,"comment_status":"closed","ping_status":"closed","template":"","meta":{"site-sidebar-layout":"default","site-content-layout":"","ast-site-content-layout":"","site-content-style":"default","site-sidebar-style":"default","ast-global-header-display":"","ast-banner-title-visibility":"","ast-main-header-display":"","ast-hfb-above-header-display":"","ast-hfb-below-header-display":"","ast-hfb-mobile-header-display":"","site-post-title":"","ast-breadcrumbs-content":"","ast-featured-img":"","footer-sml-layout":"","theme-transparent-header-meta":"","adv-header-id-meta":"","stick-header-meta":"","header-above-stick-meta":"","header-main-stick-meta":"","header-below-stick-meta":"","astra-migrate-meta-layouts":"default","ast-page-background-enabled":"default","ast-page-background-meta":{"desktop":{"background-color":"var(--ast-global-color-4)","background-image":"","background-repeat":"repeat","background-position":"center center","background-size":"auto","background-attachment":"scroll","background-type":"","background-media":"","overlay-type":"","overlay-color":"","overlay-opacity":"","overlay-gradient":""},"tablet":{"background-color":"","background-image":"","background-repeat":"repeat","background-position":"center center","background-size":"auto","background-attachment":"scroll","background-type":"","background-media":"","overlay-type":"","overlay-color":"","overlay-opacity":"","overlay-gradient":""},"mobile":{"background-color":"","background-image":"","background-repeat":"repeat","background-position":"center center","background-size":"auto","background-attachment":"scroll","background-type":"","background-media":"","overlay-type":"","overlay-color":"","overlay-opacity":"","overlay-gradient":""}},"ast-content-background-meta":{"desktop":{"background-color":"var(--ast-global-color-5)","background-image":"","background-repeat":"repeat","background-position":"center center","background-size":"auto","background-attachment":"scroll","background-type":"","background-media":"","overlay-type":"","overlay-color":"","overlay-opacity":"","overlay-gradient":""},"tablet":{"background-color":"var(--ast-global-color-5)","background-image":"","background-repeat":"repeat","background-position":"center center","background-size":"auto","background-attachment":"scroll","background-type":"","background-media":"","overlay-type":"","overlay-color":"","overlay-opacity":"","overlay-gradient":""},"mobile":{"background-color":"var(--ast-global-color-5)","background-image":"","background-repeat":"repeat","background-position":"center center","background-size":"auto","background-attachment":"scroll","background-type":"","background-media":"","overlay-type":"","overlay-color":"","overlay-opacity":"","overlay-gradient":""}},"footnotes":""},"class_list":["post-405","page","type-page","status-publish","hentry"],"_links":{"self":[{"href":"https:\/\/smilemusicaction.pl\/index.php?rest_route=\/wp\/v2\/pages\/405","targetHints":{"allow":["GET"]}}],"collection":[{"href":"https:\/\/smilemusicaction.pl\/index.php?rest_route=\/wp\/v2\/pages"}],"about":[{"href":"https:\/\/smilemusicaction.pl\/index.php?rest_route=\/wp\/v2\/types\/page"}],"author":[{"embeddable":true,"href":"https:\/\/smilemusicaction.pl\/index.php?rest_route=\/wp\/v2\/users\/2"}],"replies":[{"embeddable":true,"href":"https:\/\/smilemusicaction.pl\/index.php?rest_route=%2Fwp%2Fv2%2Fcomments&post=405"}],"version-history":[{"count":26,"href":"https:\/\/smilemusicaction.pl\/index.php?rest_route=\/wp\/v2\/pages\/405\/revisions"}],"predecessor-version":[{"id":1542,"href":"https:\/\/smilemusicaction.pl\/index.php?rest_route=\/wp\/v2\/pages\/405\/revisions\/1542"}],"wp:attachment":[{"href":"https:\/\/smilemusicaction.pl\/index.php?rest_route=%2Fwp%2Fv2%2Fmedia&parent=405"}],"curies":[{"name":"wp","href":"https:\/\/api.w.org\/{rel}","templated":true}]}}